{"id":513014,"date":"2025-06-02T20:42:13","date_gmt":"2025-06-02T18:42:13","guid":{"rendered":"https:\/\/2furn.be\/?post_type=product&#038;p=513014"},"modified":"2026-04-22T00:00:29","modified_gmt":"2026-04-21T22:00:29","slug":"nov-toxxx","status":"publish","type":"product","link":"https:\/\/2furn.be\/de\/product\/nov-toxxx\/","title":{"rendered":"Nov TO200-230"},"content":{"rendered":"<p>Der Nov TO200-230 ist ein trendiger Esstisch mit einer raffinierten Eichenoptik. Dieser moderne Tisch mit ovaler Holzplatte zeichnet sich durch seine Eichenoptik und sein ovales Untergestell aus. Die Basis dieses eleganten Esstisches ist ein Holzbein.<span class=\"Apple-converted-space\">\u00a0<\/span><\/p>\n<p>Die Serie Nov ist in einem hellen Finish und mit Eichenfurnierstruktur ausgef\u00fchrt. Ideal f\u00fcr trendige Innenr\u00e4ume, die Stil und Funktionalit\u00e4t vereinen. Erleben Sie zeitloses Design und klare Linien mit der trendigen M\u00f6belkollektion Nov.<\/p>","protected":false},"excerpt":{"rendered":"<table>\n<tbody>\n<tr>\n<td width=\"110\"><\/td>\n<td width=\"300\"><\/td>\n<\/tr>\n<tr>\n<td width=\"110\">Material:<\/td>\n<td width=\"300\">Eiche Furnier<\/td>\n<\/tr>\n<tr>\n<td width=\"110\">Farbe:<\/td>\n<td width=\"300\">Braun (hell)<\/td>\n<\/tr>\n<tr>\n<td width=\"110\">Verarbeitung:<\/td>\n<td width=\"300\">Leichte Finish<\/td>\n<\/tr>\n<\/tbody>\n<\/table>","protected":false},"featured_media":513016,"template":"","meta":{"_seopress_robots_primary_cat":"none","_seopress_titles_title":"Nov TO200-230 | trendy eettafel, eikenhout","_seopress_titles_desc":"Trendy eettafel met een verfijnde, eikenhouten uitstraling. Deze moderne tafel is uitgevoerd met een ovaal houten blad.","_seopress_robots_index":""},"product_brand":[],"product_cat":[55,54],"product_tag":[52,126,44],"class_list":{"0":"post-513014","1":"product","2":"type-product","3":"status-publish","4":"has-post-thumbnail","6":"product_cat-eettafel","7":"product_cat-tafels","8":"product_tag-design-meubelen","9":"product_tag-lichte-finish","10":"product_tag-moderne-meubels","12":"first","13":"instock","14":"taxable","15":"shipping-taxable","16":"purchasable","17":"product-type-variable"},"_links":{"self":[{"href":"https:\/\/2furn.be\/de\/wp-json\/wp\/v2\/product\/513014","targetHints":{"allow":["GET"]}}],"collection":[{"href":"https:\/\/2furn.be\/de\/wp-json\/wp\/v2\/product"}],"about":[{"href":"https:\/\/2furn.be\/de\/wp-json\/wp\/v2\/types\/product"}],"version-history":[{"count":0,"href":"https:\/\/2furn.be\/de\/wp-json\/wp\/v2\/product\/513014\/revisions"}],"wp:featuredmedia":[{"embeddable":true,"href":"https:\/\/2furn.be\/de\/wp-json\/wp\/v2\/media\/513016"}],"wp:attachment":[{"href":"https:\/\/2furn.be\/de\/wp-json\/wp\/v2\/media?parent=513014"}],"wp:term":[{"taxonomy":"product_brand","embeddable":true,"href":"https:\/\/2furn.be\/de\/wp-json\/wp\/v2\/product_brand?post=513014"},{"taxonomy":"product_cat","embeddable":true,"href":"https:\/\/2furn.be\/de\/wp-json\/wp\/v2\/product_cat?post=513014"},{"taxonomy":"product_tag","embeddable":true,"href":"https:\/\/2furn.be\/de\/wp-json\/wp\/v2\/product_tag?post=513014"}],"curies":[{"name":"wp","href":"https:\/\/api.w.org\/{rel}","templated":true}]}}