{"id":512946,"date":"2025-06-02T15:17:58","date_gmt":"2025-06-02T13:17:58","guid":{"rendered":"https:\/\/2furn.be\/?post_type=product&#038;p=512946"},"modified":"2026-04-27T00:00:20","modified_gmt":"2026-04-26T22:00:20","slug":"jes-toxxx","status":"publish","type":"product","link":"https:\/\/2furn.be\/de\/product\/jes-toxxx\/","title":{"rendered":"JES TO160-240"},"content":{"rendered":"<p>Die Jes TO160-240 ist ein nat\u00fcrliches Design Esstisch oval in dauerhaften Hartholz mit Metallbein. Dieser Tisch hat eine Spinne Bein und ovale Platte. Die Basis dieses nat\u00fcrlichen Design Esstisch oval ist ein Metall Spinne Bein \/ Matrix Bein.<span class=\"Apple-converted-space\">\u00a0<\/span><\/p>\n<p>Die Serie Jes ist in einem hellen Farbton gehalten. Ideal f\u00fcr moderne Interieurs, die Stil und Funktionalit\u00e4t vereinen. Erleben Sie zeitlose Eleganz in Ihrem Zuhause mit der exklusiven Jes-M\u00f6belkollektion.<\/p>","protected":false},"excerpt":{"rendered":"<table>\n<tbody>\n<tr>\n<td width=\"110\"><\/td>\n<td width=\"300\"><\/td>\n<\/tr>\n<tr>\n<td width=\"110\">Material:<\/td>\n<td width=\"300\">Langlebiges Hartholz + Metall<\/td>\n<\/tr>\n<tr>\n<td width=\"110\">Farbe:<\/td>\n<td width=\"300\">Braun (hell)<\/td>\n<\/tr>\n<tr>\n<td width=\"110\">Verarbeitung:<\/td>\n<td width=\"300\">Leichte Finish<\/td>\n<\/tr>\n<\/tbody>\n<\/table>","protected":false},"featured_media":512954,"template":"","meta":{"_seopress_robots_primary_cat":"none","_seopress_titles_title":"Jes TO160-240 | naturel design eettafel ovaal","_seopress_titles_desc":"Naturel design eettafel ovaal in duurzaam hardhout met metalen poot. Deze tafel is uitgevoerd met een spinpoot en ovaal blad.","_seopress_robots_index":""},"product_brand":[],"product_cat":[55,54],"product_tag":[52,126,78,44],"class_list":{"0":"post-512946","1":"product","2":"type-product","3":"status-publish","4":"has-post-thumbnail","6":"product_cat-eettafel","7":"product_cat-tafels","8":"product_tag-design-meubelen","9":"product_tag-lichte-finish","10":"product_tag-metaal","11":"product_tag-moderne-meubels","13":"first","14":"instock","15":"taxable","16":"shipping-taxable","17":"purchasable","18":"product-type-variable"},"_links":{"self":[{"href":"https:\/\/2furn.be\/de\/wp-json\/wp\/v2\/product\/512946","targetHints":{"allow":["GET"]}}],"collection":[{"href":"https:\/\/2furn.be\/de\/wp-json\/wp\/v2\/product"}],"about":[{"href":"https:\/\/2furn.be\/de\/wp-json\/wp\/v2\/types\/product"}],"version-history":[{"count":1,"href":"https:\/\/2furn.be\/de\/wp-json\/wp\/v2\/product\/512946\/revisions"}],"predecessor-version":[{"id":512971,"href":"https:\/\/2furn.be\/de\/wp-json\/wp\/v2\/product\/512946\/revisions\/512971"}],"wp:featuredmedia":[{"embeddable":true,"href":"https:\/\/2furn.be\/de\/wp-json\/wp\/v2\/media\/512954"}],"wp:attachment":[{"href":"https:\/\/2furn.be\/de\/wp-json\/wp\/v2\/media?parent=512946"}],"wp:term":[{"taxonomy":"product_brand","embeddable":true,"href":"https:\/\/2furn.be\/de\/wp-json\/wp\/v2\/product_brand?post=512946"},{"taxonomy":"product_cat","embeddable":true,"href":"https:\/\/2furn.be\/de\/wp-json\/wp\/v2\/product_cat?post=512946"},{"taxonomy":"product_tag","embeddable":true,"href":"https:\/\/2furn.be\/de\/wp-json\/wp\/v2\/product_tag?post=512946"}],"curies":[{"name":"wp","href":"https:\/\/api.w.org\/{rel}","templated":true}]}}