{"id":512935,"date":"2025-06-02T15:15:11","date_gmt":"2025-06-02T13:15:11","guid":{"rendered":"https:\/\/2furn.be\/?post_type=product&#038;p=512935"},"modified":"2026-04-21T00:00:28","modified_gmt":"2026-04-20T22:00:28","slug":"jes-dan-txxxz","status":"publish","type":"product","link":"https:\/\/2furn.be\/de\/product\/jes-dan-txxxz\/","title":{"rendered":"JES ALS T180-230Z"},"content":{"rendered":"<p>Der Jes Dan T180-230 ist ein schwarzer Designer-Esstisch aus robustem Hartholz mit Metallbein. Dieser Tisch hat ein Spinnenbein und eine ovale Platte im d\u00e4nischen Design. Die Basis dieses schwarzen Designer-Esstisch ist ein Metall Spinne Bein \/ Matrix Bein.<span class=\"Apple-converted-space\">\u00a0<\/span><\/p>\n<p>Die Serie Jes Dan ist schwarz lackiert. Ideal f\u00fcr moderne Innenr\u00e4ume, die Stil und Funktionalit\u00e4t vereinen. Erleben Sie zeitlose Eleganz in Ihrem Zuhause mit der exklusiven Jes Dan M\u00f6belkollektion.<\/p>","protected":false},"excerpt":{"rendered":"<table>\n<tbody>\n<tr>\n<td width=\"110\"><\/td>\n<td width=\"300\"><\/td>\n<\/tr>\n<tr>\n<td width=\"110\">Material:<\/td>\n<td width=\"300\">Langlebiges Hartholz + Metall<\/td>\n<\/tr>\n<tr>\n<td width=\"110\">Farbe:<\/td>\n<td width=\"300\">Schwarz<\/td>\n<\/tr>\n<tr>\n<td width=\"110\">Verarbeitung:<\/td>\n<td width=\"300\">Schwarzer Finish<\/td>\n<\/tr>\n<\/tbody>\n<\/table>","protected":false},"featured_media":512939,"template":"","meta":{"_seopress_robots_primary_cat":"none","_seopress_titles_title":"Jes Dan T180-230Z | zwarte design eettafel","_seopress_titles_desc":"Zwarte design eettafel in duurzaam hardhout met metalen poot. Deze tafel is uitgevoerd met een spinpoot en Deens design ovaal blad.","_seopress_robots_index":""},"product_brand":[],"product_cat":[55,54],"product_tag":[52,78,44,129],"class_list":{"0":"post-512935","1":"product","2":"type-product","3":"status-publish","4":"has-post-thumbnail","6":"product_cat-eettafel","7":"product_cat-tafels","8":"product_tag-design-meubelen","9":"product_tag-metaal","10":"product_tag-moderne-meubels","11":"product_tag-zwarte-finish","13":"first","14":"instock","15":"taxable","16":"shipping-taxable","17":"purchasable","18":"product-type-variable"},"_links":{"self":[{"href":"https:\/\/2furn.be\/de\/wp-json\/wp\/v2\/product\/512935","targetHints":{"allow":["GET"]}}],"collection":[{"href":"https:\/\/2furn.be\/de\/wp-json\/wp\/v2\/product"}],"about":[{"href":"https:\/\/2furn.be\/de\/wp-json\/wp\/v2\/types\/product"}],"version-history":[{"count":0,"href":"https:\/\/2furn.be\/de\/wp-json\/wp\/v2\/product\/512935\/revisions"}],"wp:featuredmedia":[{"embeddable":true,"href":"https:\/\/2furn.be\/de\/wp-json\/wp\/v2\/media\/512939"}],"wp:attachment":[{"href":"https:\/\/2furn.be\/de\/wp-json\/wp\/v2\/media?parent=512935"}],"wp:term":[{"taxonomy":"product_brand","embeddable":true,"href":"https:\/\/2furn.be\/de\/wp-json\/wp\/v2\/product_brand?post=512935"},{"taxonomy":"product_cat","embeddable":true,"href":"https:\/\/2furn.be\/de\/wp-json\/wp\/v2\/product_cat?post=512935"},{"taxonomy":"product_tag","embeddable":true,"href":"https:\/\/2furn.be\/de\/wp-json\/wp\/v2\/product_tag?post=512935"}],"curies":[{"name":"wp","href":"https:\/\/api.w.org\/{rel}","templated":true}]}}