{"id":512855,"date":"2025-06-02T11:47:20","date_gmt":"2025-06-02T09:47:20","guid":{"rendered":"https:\/\/2furn.be\/?post_type=product&#038;p=512855"},"modified":"2026-04-26T00:00:25","modified_gmt":"2026-04-25T22:00:25","slug":"tob-tvxxx","status":"publish","type":"product","link":"https:\/\/2furn.be\/de\/product\/tob-tvxxx\/","title":{"rendered":"Tob TV170-210"},"content":{"rendered":"<p>Der Tob TV170-210 ist ein trendiger TV-Schrank mit einer raffinierten Eichenholzoptik. Dieser moderne TV-Schrank hat abgerundete Seiten und Dreht\u00fcren.\u00a0Dieses trendige TV-M\u00f6bel zeichnet sich durch seine eleganten, abgerundeten Linien und seine Eichenholzoptik in einer nat\u00fcrlichen Eichenholzfarbe aus. Der Schrank steht auf einem schlanken Fu\u00df. Dieses M\u00f6belst\u00fcck besteht aus 1 Teil.<span class=\"Apple-converted-space\">\u00a0<\/span><\/p>\n<p>Die Serie Tob ist in einem hellen Finish und mit Eichenfurnierstruktur ausgef\u00fchrt. Ideal f\u00fcr trendige Innenr\u00e4ume, die Stil und Funktionalit\u00e4t vereinen. Erleben Sie zeitloses Design und klare Linien mit der trendigen M\u00f6belkollektion Tob.<\/p>","protected":false},"excerpt":{"rendered":"<table>\n<tbody>\n<tr>\n<td width=\"110\"><\/td>\n<td width=\"300\"><\/td>\n<\/tr>\n<tr>\n<td width=\"110\">Material:<\/td>\n<td width=\"300\">Eiche Furnier<\/td>\n<\/tr>\n<tr>\n<td width=\"110\">Farbe:<\/td>\n<td width=\"300\">Braun (hell)<\/td>\n<\/tr>\n<tr>\n<td width=\"110\">Verarbeitung:<\/td>\n<td width=\"300\">Leichte Finish<\/td>\n<\/tr>\n<\/tbody>\n<\/table>\n<p>&nbsp;<\/p>","protected":false},"featured_media":512858,"template":"","meta":{"_seopress_robots_primary_cat":"none","_seopress_titles_title":"Tob TV170-210 | trendy Tv-meubel in verfijnd eikenhout","_seopress_titles_desc":"Trendy Tv-meubel met een verfijnde, eikenhouten uitstraling. Dit Tv-meubel typeert zich door het afgerond lijnenspel en eikenhouten look.","_seopress_robots_index":""},"product_brand":[],"product_cat":[68],"product_tag":[52,126,44],"class_list":{"0":"post-512855","1":"product","2":"type-product","3":"status-publish","4":"has-post-thumbnail","6":"product_cat-tv-meubels","7":"product_tag-design-meubelen","8":"product_tag-lichte-finish","9":"product_tag-moderne-meubels","11":"first","12":"instock","13":"taxable","14":"shipping-taxable","15":"purchasable","16":"product-type-variable"},"_links":{"self":[{"href":"https:\/\/2furn.be\/de\/wp-json\/wp\/v2\/product\/512855","targetHints":{"allow":["GET"]}}],"collection":[{"href":"https:\/\/2furn.be\/de\/wp-json\/wp\/v2\/product"}],"about":[{"href":"https:\/\/2furn.be\/de\/wp-json\/wp\/v2\/types\/product"}],"version-history":[{"count":0,"href":"https:\/\/2furn.be\/de\/wp-json\/wp\/v2\/product\/512855\/revisions"}],"wp:featuredmedia":[{"embeddable":true,"href":"https:\/\/2furn.be\/de\/wp-json\/wp\/v2\/media\/512858"}],"wp:attachment":[{"href":"https:\/\/2furn.be\/de\/wp-json\/wp\/v2\/media?parent=512855"}],"wp:term":[{"taxonomy":"product_brand","embeddable":true,"href":"https:\/\/2furn.be\/de\/wp-json\/wp\/v2\/product_brand?post=512855"},{"taxonomy":"product_cat","embeddable":true,"href":"https:\/\/2furn.be\/de\/wp-json\/wp\/v2\/product_cat?post=512855"},{"taxonomy":"product_tag","embeddable":true,"href":"https:\/\/2furn.be\/de\/wp-json\/wp\/v2\/product_tag?post=512855"}],"curies":[{"name":"wp","href":"https:\/\/api.w.org\/{rel}","templated":true}]}}