{"id":512831,"date":"2025-06-02T11:39:26","date_gmt":"2025-06-02T09:39:26","guid":{"rendered":"https:\/\/2furn.be\/?post_type=product&#038;p=512831"},"modified":"2026-04-24T00:00:28","modified_gmt":"2026-04-23T22:00:28","slug":"sal-tvxxx","status":"publish","type":"product","link":"https:\/\/2furn.be\/de\/product\/sal-tvxxx\/","title":{"rendered":"Sal TV170-210"},"content":{"rendered":"<p>Der Sal TV170-210 ist ein moderner TV-Schrank mit rundem Design und markanten Beinen. Dieser TV-Schrank aus Holz hat abgerundete Seiten und Fl\u00fcgelt\u00fcren. Dieser moderne TV-Schrank zeichnet sich durch sein rundes Design und die typischen runden Beine aus. Dieser Schrank besteht aus 1 Teil.<\/p>\n<p>Die Serie Sal ist in einem hellen Farbton gehalten. Ideal f\u00fcr trendige Innenr\u00e4ume, die Stil und Funktionalit\u00e4t vereinen. Erleben Sie zeitloses Design und klare Linien mit der trendigen M\u00f6belkollektion Sal.<\/p>","protected":false},"excerpt":{"rendered":"<table>\n<tbody>\n<tr>\n<td width=\"110\"><\/td>\n<td width=\"300\"><\/td>\n<\/tr>\n<tr>\n<td width=\"110\">Material:<\/td>\n<td width=\"300\">Nachhaltiges Hartholz<\/td>\n<\/tr>\n<tr>\n<td width=\"110\">Farbe:<\/td>\n<td width=\"300\">Braun (hell)<\/td>\n<\/tr>\n<tr>\n<td width=\"110\">Verarbeitung:<\/td>\n<td width=\"300\">Leichte Finish<\/td>\n<\/tr>\n<\/tbody>\n<\/table>\n<p>&nbsp;<\/p>","protected":false},"featured_media":512839,"template":"","meta":{"_seopress_robots_primary_cat":"none","_seopress_titles_title":"Sal TV170-210 | modern Tv-meubel met rond design","_seopress_titles_desc":"Modern Tv-meubel met rond design en opvallende poten. Deze houten Tv-kast is uitgevoerd met afgeronde zijkanten en draaideuren.","_seopress_robots_index":""},"product_brand":[],"product_cat":[68],"product_tag":[43,126,44],"class_list":{"0":"post-512831","1":"product","2":"type-product","3":"status-publish","4":"has-post-thumbnail","6":"product_cat-tv-meubels","7":"product_tag-landelijke-meubels","8":"product_tag-lichte-finish","9":"product_tag-moderne-meubels","11":"first","12":"onbackorder","13":"taxable","14":"shipping-taxable","15":"purchasable","16":"product-type-variable"},"_links":{"self":[{"href":"https:\/\/2furn.be\/de\/wp-json\/wp\/v2\/product\/512831","targetHints":{"allow":["GET"]}}],"collection":[{"href":"https:\/\/2furn.be\/de\/wp-json\/wp\/v2\/product"}],"about":[{"href":"https:\/\/2furn.be\/de\/wp-json\/wp\/v2\/types\/product"}],"version-history":[{"count":1,"href":"https:\/\/2furn.be\/de\/wp-json\/wp\/v2\/product\/512831\/revisions"}],"predecessor-version":[{"id":514605,"href":"https:\/\/2furn.be\/de\/wp-json\/wp\/v2\/product\/512831\/revisions\/514605"}],"wp:featuredmedia":[{"embeddable":true,"href":"https:\/\/2furn.be\/de\/wp-json\/wp\/v2\/media\/512839"}],"wp:attachment":[{"href":"https:\/\/2furn.be\/de\/wp-json\/wp\/v2\/media?parent=512831"}],"wp:term":[{"taxonomy":"product_brand","embeddable":true,"href":"https:\/\/2furn.be\/de\/wp-json\/wp\/v2\/product_brand?post=512831"},{"taxonomy":"product_cat","embeddable":true,"href":"https:\/\/2furn.be\/de\/wp-json\/wp\/v2\/product_cat?post=512831"},{"taxonomy":"product_tag","embeddable":true,"href":"https:\/\/2furn.be\/de\/wp-json\/wp\/v2\/product_tag?post=512831"}],"curies":[{"name":"wp","href":"https:\/\/api.w.org\/{rel}","templated":true}]}}