{"id":512817,"date":"2025-06-02T11:34:02","date_gmt":"2025-06-02T09:34:02","guid":{"rendered":"https:\/\/2furn.be\/?post_type=product&#038;p=512817"},"modified":"2026-04-22T00:00:28","modified_gmt":"2026-04-21T22:00:28","slug":"pat-tvxxx","status":"publish","type":"product","link":"https:\/\/2furn.be\/de\/product\/pat-tvxxx\/","title":{"rendered":"Pat TV170-210"},"content":{"rendered":"<p>Der Pat TV170-210 ist ein beiger TV-Schrank mit schickem, stilvollem Aussehen. Dieser trendige TV-Schrank ist mit abgerundeten Seiten und Fl\u00fcgelt\u00fcren ausgestattet. Dieser beigefarbene TV-Schrank zeichnet sich durch seine eleganten, abgerundeten Linien und Holzleisten aus. Der Unterschrank steht auf einem schlanken Metallfu\u00df. Dieser Schrank besteht aus 1 Teil.<\/p>\n<p>Die Serie Pat ist in der Farbe Beige gehalten. Ideal f\u00fcr trendige Innenr\u00e4ume, die Stil und Funktionalit\u00e4t vereinen. Erleben Sie zeitloses Design und klare Linien mit der trendigen M\u00f6belkollektion Pat.<\/p>","protected":false},"excerpt":{"rendered":"<table>\n<tbody>\n<tr>\n<td width=\"110\"><\/td>\n<td width=\"300\"><\/td>\n<\/tr>\n<tr>\n<td width=\"110\">Material:<\/td>\n<td width=\"300\">Langlebiges Hartholz + Metall<\/td>\n<\/tr>\n<tr>\n<td width=\"110\">Farbe:<\/td>\n<td width=\"300\">Beige<\/td>\n<\/tr>\n<tr>\n<td width=\"110\">Verarbeitung:<\/td>\n<td width=\"300\">Leichte Finish<\/td>\n<\/tr>\n<\/tbody>\n<\/table>\n<p>&nbsp;<\/p>","protected":false},"featured_media":512825,"template":"","meta":{"_seopress_robots_primary_cat":"none","_seopress_titles_title":"Pat TV170-210 | beige Tv-meubel met chique uitstraling","_seopress_titles_desc":"Beige Tv-meubel met chique, stijlvolle uitstraling. Dit trendy Tv-meubel is uitgevoerd met afgeronde zijkanten en draaideuren.","_seopress_robots_index":""},"product_brand":[],"product_cat":[68],"product_tag":[131,43,44,125],"class_list":{"0":"post-512817","1":"product","2":"type-product","3":"status-publish","4":"has-post-thumbnail","6":"product_cat-tv-meubels","7":"product_tag-beige-finish","8":"product_tag-landelijke-meubels","9":"product_tag-moderne-meubels","10":"product_tag-retro-meubelen","12":"first","13":"instock","14":"taxable","15":"shipping-taxable","16":"purchasable","17":"product-type-variable"},"_links":{"self":[{"href":"https:\/\/2furn.be\/de\/wp-json\/wp\/v2\/product\/512817","targetHints":{"allow":["GET"]}}],"collection":[{"href":"https:\/\/2furn.be\/de\/wp-json\/wp\/v2\/product"}],"about":[{"href":"https:\/\/2furn.be\/de\/wp-json\/wp\/v2\/types\/product"}],"version-history":[{"count":0,"href":"https:\/\/2furn.be\/de\/wp-json\/wp\/v2\/product\/512817\/revisions"}],"wp:featuredmedia":[{"embeddable":true,"href":"https:\/\/2furn.be\/de\/wp-json\/wp\/v2\/media\/512825"}],"wp:attachment":[{"href":"https:\/\/2furn.be\/de\/wp-json\/wp\/v2\/media?parent=512817"}],"wp:term":[{"taxonomy":"product_brand","embeddable":true,"href":"https:\/\/2furn.be\/de\/wp-json\/wp\/v2\/product_brand?post=512817"},{"taxonomy":"product_cat","embeddable":true,"href":"https:\/\/2furn.be\/de\/wp-json\/wp\/v2\/product_cat?post=512817"},{"taxonomy":"product_tag","embeddable":true,"href":"https:\/\/2furn.be\/de\/wp-json\/wp\/v2\/product_tag?post=512817"}],"curies":[{"name":"wp","href":"https:\/\/api.w.org\/{rel}","templated":true}]}}