{"id":512770,"date":"2025-06-02T11:07:37","date_gmt":"2025-06-02T09:07:37","guid":{"rendered":"https:\/\/2furn.be\/?post_type=product&#038;p=512770"},"modified":"2026-04-22T00:00:29","modified_gmt":"2026-04-21T22:00:29","slug":"nov-tvxxx","status":"publish","type":"product","link":"https:\/\/2furn.be\/de\/product\/nov-tvxxx\/","title":{"rendered":"Nov TV140-220"},"content":{"rendered":"<p>Der Nov TV140-220 ist ein trendiger TV-Schrank mit einem edlen Eichenholz-Look. Dieser moderne TV-Schrank hat abgerundete Seiten und Dreht\u00fcren.\u00a0Dieses trendige TV-M\u00f6bel zeichnet sich durch seine eleganten, abgerundeten Linien und sein Eichenholz-Design in nat\u00fcrlicher Eichenholzfarbe aus. Der Schrank steht auf einem Untergestell mit flacher Sockelleiste. Dieses M\u00f6belst\u00fcck besteht aus 1 Teil.<span class=\"Apple-converted-space\">\u00a0<\/span><\/p>\n<p>Die Serie Nov ist in einem hellen Finish und mit Eichenfurnierstruktur ausgef\u00fchrt. Ideal f\u00fcr trendige Innenr\u00e4ume, die Stil und Funktionalit\u00e4t vereinen. Erleben Sie zeitloses Design und klare Linien mit der trendigen M\u00f6belkollektion Nov.<\/p>","protected":false},"excerpt":{"rendered":"<table>\n<tbody>\n<tr>\n<td width=\"110\"><\/td>\n<td width=\"300\"><\/td>\n<\/tr>\n<tr>\n<td width=\"110\">Material:<\/td>\n<td width=\"300\">Eiche Furnier<\/td>\n<\/tr>\n<tr>\n<td width=\"110\">Farbe:<\/td>\n<td width=\"300\">Braun (hell)<\/td>\n<\/tr>\n<tr>\n<td width=\"110\">Verarbeitung:<\/td>\n<td width=\"300\">Leichte Finish<\/td>\n<\/tr>\n<\/tbody>\n<\/table>\n<p>&nbsp;<\/p>","protected":false},"featured_media":512776,"template":"","meta":{"_seopress_robots_primary_cat":"none","_seopress_titles_title":"Nov TV140-220 | trendy Tv-meubel, eikenhouten uitstraling","_seopress_titles_desc":"Trendy Tv-meubel met een verfijnde, eikenhouten uitstraling. Dit modern Tv-meubel is uitgevoerd met afgeronde zijkanten en draaideuren.","_seopress_robots_index":""},"product_brand":[],"product_cat":[68],"product_tag":[52,126,44],"class_list":{"0":"post-512770","1":"product","2":"type-product","3":"status-publish","4":"has-post-thumbnail","6":"product_cat-tv-meubels","7":"product_tag-design-meubelen","8":"product_tag-lichte-finish","9":"product_tag-moderne-meubels","11":"first","12":"instock","13":"taxable","14":"shipping-taxable","15":"purchasable","16":"product-type-variable"},"_links":{"self":[{"href":"https:\/\/2furn.be\/de\/wp-json\/wp\/v2\/product\/512770","targetHints":{"allow":["GET"]}}],"collection":[{"href":"https:\/\/2furn.be\/de\/wp-json\/wp\/v2\/product"}],"about":[{"href":"https:\/\/2furn.be\/de\/wp-json\/wp\/v2\/types\/product"}],"version-history":[{"count":0,"href":"https:\/\/2furn.be\/de\/wp-json\/wp\/v2\/product\/512770\/revisions"}],"wp:featuredmedia":[{"embeddable":true,"href":"https:\/\/2furn.be\/de\/wp-json\/wp\/v2\/media\/512776"}],"wp:attachment":[{"href":"https:\/\/2furn.be\/de\/wp-json\/wp\/v2\/media?parent=512770"}],"wp:term":[{"taxonomy":"product_brand","embeddable":true,"href":"https:\/\/2furn.be\/de\/wp-json\/wp\/v2\/product_brand?post=512770"},{"taxonomy":"product_cat","embeddable":true,"href":"https:\/\/2furn.be\/de\/wp-json\/wp\/v2\/product_cat?post=512770"},{"taxonomy":"product_tag","embeddable":true,"href":"https:\/\/2furn.be\/de\/wp-json\/wp\/v2\/product_tag?post=512770"}],"curies":[{"name":"wp","href":"https:\/\/api.w.org\/{rel}","templated":true}]}}