{"id":512767,"date":"2025-06-02T11:05:08","date_gmt":"2025-06-02T09:05:08","guid":{"rendered":"https:\/\/2furn.be\/?post_type=product&#038;p=512767"},"modified":"2026-04-23T00:00:25","modified_gmt":"2026-04-22T22:00:25","slug":"noo-tvxxxw","status":"publish","type":"product","link":"https:\/\/2furn.be\/de\/product\/noo-tvxxxw\/","title":{"rendered":"Noo TV170-210W"},"content":{"rendered":"<p>Der Noo 115W ist ein trendiger dunkelbrauner TV-Schrank mit schickem, stilvollem Aussehen. Dieser trendige TV-Schrank hat abgerundete Seiten, Fl\u00fcgelt\u00fcren und eine Walnussoberfl\u00e4che. Dieser trendige TV-Schrank zeichnet sich durch seine eleganten, abgerundeten Linien und Holzlatten aus. Dieser Schrank besteht aus 1 Teil.<\/p>\n<p>Die Serie Noo ist in einem dunkelbraunen Nussbaum-Finish gehalten. Ideal f\u00fcr trendige Innenr\u00e4ume, die Stil und Funktionalit\u00e4t vereinen. Erleben Sie zeitloses Design und klare Linien mit der trendigen M\u00f6belkollektion Noo.<\/p>","protected":false},"excerpt":{"rendered":"<table>\n<tbody>\n<tr>\n<td width=\"110\"><\/td>\n<td width=\"300\"><\/td>\n<\/tr>\n<tr>\n<td width=\"110\">Material:<\/td>\n<td width=\"300\">Nachhaltiges Hartholz<\/td>\n<\/tr>\n<tr>\n<td width=\"110\">Farbe:<\/td>\n<td width=\"300\">Braun (Dunkel)<\/td>\n<\/tr>\n<tr>\n<td width=\"110\">Verarbeitung:<\/td>\n<td width=\"300\">Walnuss Finish<\/td>\n<\/tr>\n<\/tbody>\n<\/table>\n<p>&nbsp;<\/p>","protected":false},"featured_media":512759,"template":"","meta":{"_seopress_robots_primary_cat":"none","_seopress_titles_title":"Noo TV170-210W | trendy donkerbruine Tv-kast","_seopress_titles_desc":"Trendy donkerbruine Tv-kast met chique, stijlvolle uitstraling. Dit trendy Tv-meubel is uitgevoerd met afgeronde zijkanten en walnoot finish.","_seopress_robots_index":""},"product_brand":[],"product_cat":[68],"product_tag":[52,44,128],"class_list":{"0":"post-512767","1":"product","2":"type-product","3":"status-publish","4":"has-post-thumbnail","6":"product_cat-tv-meubels","7":"product_tag-design-meubelen","8":"product_tag-moderne-meubels","9":"product_tag-walnoot-finish","11":"first","12":"instock","13":"taxable","14":"shipping-taxable","15":"purchasable","16":"product-type-variable"},"_links":{"self":[{"href":"https:\/\/2furn.be\/de\/wp-json\/wp\/v2\/product\/512767","targetHints":{"allow":["GET"]}}],"collection":[{"href":"https:\/\/2furn.be\/de\/wp-json\/wp\/v2\/product"}],"about":[{"href":"https:\/\/2furn.be\/de\/wp-json\/wp\/v2\/types\/product"}],"version-history":[{"count":0,"href":"https:\/\/2furn.be\/de\/wp-json\/wp\/v2\/product\/512767\/revisions"}],"wp:featuredmedia":[{"embeddable":true,"href":"https:\/\/2furn.be\/de\/wp-json\/wp\/v2\/media\/512759"}],"wp:attachment":[{"href":"https:\/\/2furn.be\/de\/wp-json\/wp\/v2\/media?parent=512767"}],"wp:term":[{"taxonomy":"product_brand","embeddable":true,"href":"https:\/\/2furn.be\/de\/wp-json\/wp\/v2\/product_brand?post=512767"},{"taxonomy":"product_cat","embeddable":true,"href":"https:\/\/2furn.be\/de\/wp-json\/wp\/v2\/product_cat?post=512767"},{"taxonomy":"product_tag","embeddable":true,"href":"https:\/\/2furn.be\/de\/wp-json\/wp\/v2\/product_tag?post=512767"}],"curies":[{"name":"wp","href":"https:\/\/api.w.org\/{rel}","templated":true}]}}