{"id":512663,"date":"2025-06-01T20:48:48","date_gmt":"2025-06-01T18:48:48","guid":{"rendered":"https:\/\/2furn.be\/?post_type=product&#038;p=512663"},"modified":"2026-04-22T00:00:28","modified_gmt":"2026-04-21T22:00:28","slug":"pat-xxx","status":"publish","type":"product","link":"https:\/\/2furn.be\/de\/product\/pat-xxx\/","title":{"rendered":"Pat 115"},"content":{"rendered":"<p>Der Pat 115 ist ein beiger H\u00e4ngeschrank mit schickem, stilvollem Aussehen. Dieser trendige Schrank hat abgerundete Seiten und Fl\u00fcgelt\u00fcren. Dieser beigefarbene H\u00e4ngeschrank zeichnet sich durch seine eleganten, abgerundeten Linien und Holzleisten aus. Die Platte ist mit einer modernen Hohlkehle versehen und der Unterschrank steht auf einem schlanken Fu\u00df. Dieses M\u00f6belst\u00fcck besteht aus 1 Teil.<\/p>\n<p>Die Serie Pat ist in der Farbe Beige gehalten. Ideal f\u00fcr trendige Innenr\u00e4ume, die Stil und Funktionalit\u00e4t vereinen. Erleben Sie zeitloses Design und klare Linien mit der trendigen M\u00f6belkollektion Pat.<\/p>","protected":false},"excerpt":{"rendered":"<table>\n<tbody>\n<tr>\n<td width=\"110\"><\/td>\n<td width=\"300\"><\/td>\n<\/tr>\n<tr>\n<td width=\"110\">Material:<\/td>\n<td width=\"300\">Langlebiges Hartholz + Metall<\/td>\n<\/tr>\n<tr>\n<td width=\"110\">Farbe:<\/td>\n<td width=\"300\">Beige<\/td>\n<\/tr>\n<tr>\n<td width=\"110\">Verarbeitung:<\/td>\n<td width=\"300\">Leichte Finish<\/td>\n<\/tr>\n<\/tbody>\n<\/table>\n<p>&nbsp;<\/p>","protected":false},"featured_media":512665,"template":"","meta":{"_seopress_robots_primary_cat":"none","_seopress_titles_title":"Pat 115 | beige wandkast met chique, stijlvolle uitstraling","_seopress_titles_desc":"Beige wandkast met chique, stijlvolle uitstraling. Deze beige kast typeert zich door het elegante, afgerond lijnenspel en houten latjes.","_seopress_robots_index":""},"product_brand":[],"product_cat":[47,39,132],"product_tag":[131,43,126,44,125],"class_list":{"0":"post-512663","1":"product","2":"type-product","3":"status-publish","4":"has-post-thumbnail","6":"product_cat-buffetkast","7":"product_cat-kasten","8":"product_cat-wandkast","9":"product_tag-beige-finish","10":"product_tag-landelijke-meubels","11":"product_tag-lichte-finish","12":"product_tag-moderne-meubels","13":"product_tag-retro-meubelen","15":"first","16":"instock","17":"taxable","18":"shipping-taxable","19":"purchasable","20":"product-type-variable"},"_links":{"self":[{"href":"https:\/\/2furn.be\/de\/wp-json\/wp\/v2\/product\/512663","targetHints":{"allow":["GET"]}}],"collection":[{"href":"https:\/\/2furn.be\/de\/wp-json\/wp\/v2\/product"}],"about":[{"href":"https:\/\/2furn.be\/de\/wp-json\/wp\/v2\/types\/product"}],"version-history":[{"count":0,"href":"https:\/\/2furn.be\/de\/wp-json\/wp\/v2\/product\/512663\/revisions"}],"wp:featuredmedia":[{"embeddable":true,"href":"https:\/\/2furn.be\/de\/wp-json\/wp\/v2\/media\/512665"}],"wp:attachment":[{"href":"https:\/\/2furn.be\/de\/wp-json\/wp\/v2\/media?parent=512663"}],"wp:term":[{"taxonomy":"product_brand","embeddable":true,"href":"https:\/\/2furn.be\/de\/wp-json\/wp\/v2\/product_brand?post=512663"},{"taxonomy":"product_cat","embeddable":true,"href":"https:\/\/2furn.be\/de\/wp-json\/wp\/v2\/product_cat?post=512663"},{"taxonomy":"product_tag","embeddable":true,"href":"https:\/\/2furn.be\/de\/wp-json\/wp\/v2\/product_tag?post=512663"}],"curies":[{"name":"wp","href":"https:\/\/api.w.org\/{rel}","templated":true}]}}