{"id":512654,"date":"2025-06-01T20:45:47","date_gmt":"2025-06-01T18:45:47","guid":{"rendered":"https:\/\/2furn.be\/?post_type=product&#038;p=512654"},"modified":"2026-04-27T00:00:21","modified_gmt":"2026-04-26T22:00:21","slug":"nov-xxxe","status":"publish","type":"product","link":"https:\/\/2furn.be\/de\/product\/nov-xxxe\/","title":{"rendered":"Nov 145E"},"content":{"rendered":"<p>Das Nov 145E ist ein trendiges dunkelbraunes Sideboard mit einer raffinierten Eichenoptik. Dieser moderne Schrank hat abgerundete Seiten und Fl\u00fcgelt\u00fcren. Dieses trendige Sideboard zeichnet sich durch seine eleganten, abgerundeten Linien und die Eichenoptik in Dunkelbraun aus. Die Platte ist mit einer modernen Hohlkehle versehen und der Unterschrank steht auf einem Sockel mit flachem Sockel. Dieses M\u00f6belst\u00fcck besteht aus 1 Teil.<\/p>\n<p>Die Serie Nov ist in der Farbe Espresso gehalten und hat eine Struktur aus Eichenfurnier. Ideal f\u00fcr trendige Innenr\u00e4ume, die Stil und Funktionalit\u00e4t vereinen. Erleben Sie zeitloses Design und klare Linien mit der trendigen M\u00f6belkollektion Nov.<\/p>","protected":false},"excerpt":{"rendered":"<table>\n<tbody>\n<tr>\n<td width=\"110\"><\/td>\n<td width=\"300\"><\/td>\n<\/tr>\n<tr>\n<td width=\"110\">Material:<\/td>\n<td width=\"300\">Eiche Furnier<\/td>\n<\/tr>\n<tr>\n<td width=\"110\">Farbe:<\/td>\n<td width=\"300\">Braun (Dunkel)<\/td>\n<\/tr>\n<tr>\n<td width=\"110\">Verarbeitung:<\/td>\n<td width=\"300\">Dunkles Finish<\/td>\n<\/tr>\n<\/tbody>\n<\/table>\n<p>&nbsp;<\/p>","protected":false},"featured_media":512656,"template":"","meta":{"_seopress_robots_primary_cat":"none","_seopress_titles_title":"Nov 145E | trendy donkerbruine buffetkast eiken","_seopress_titles_desc":"Trendy donkerbruine buffetkast met een verfijnde, eikenhouten uitstraling. Afgerond lijnenspel en eikenhouten look in een donkerbruine kleur.","_seopress_robots_index":""},"product_brand":[],"product_cat":[90,47,39,132],"product_tag":[52,127,44],"class_list":{"0":"post-512654","1":"product","2":"type-product","3":"status-publish","4":"has-post-thumbnail","6":"product_cat-boekenkast","7":"product_cat-buffetkast","8":"product_cat-kasten","9":"product_cat-wandkast","10":"product_tag-design-meubelen","11":"product_tag-donkere-finish","12":"product_tag-moderne-meubels","14":"first","15":"onbackorder","16":"taxable","17":"shipping-taxable","18":"purchasable","19":"product-type-variable"},"_links":{"self":[{"href":"https:\/\/2furn.be\/de\/wp-json\/wp\/v2\/product\/512654","targetHints":{"allow":["GET"]}}],"collection":[{"href":"https:\/\/2furn.be\/de\/wp-json\/wp\/v2\/product"}],"about":[{"href":"https:\/\/2furn.be\/de\/wp-json\/wp\/v2\/types\/product"}],"version-history":[{"count":0,"href":"https:\/\/2furn.be\/de\/wp-json\/wp\/v2\/product\/512654\/revisions"}],"wp:featuredmedia":[{"embeddable":true,"href":"https:\/\/2furn.be\/de\/wp-json\/wp\/v2\/media\/512656"}],"wp:attachment":[{"href":"https:\/\/2furn.be\/de\/wp-json\/wp\/v2\/media?parent=512654"}],"wp:term":[{"taxonomy":"product_brand","embeddable":true,"href":"https:\/\/2furn.be\/de\/wp-json\/wp\/v2\/product_brand?post=512654"},{"taxonomy":"product_cat","embeddable":true,"href":"https:\/\/2furn.be\/de\/wp-json\/wp\/v2\/product_cat?post=512654"},{"taxonomy":"product_tag","embeddable":true,"href":"https:\/\/2furn.be\/de\/wp-json\/wp\/v2\/product_tag?post=512654"}],"curies":[{"name":"wp","href":"https:\/\/api.w.org\/{rel}","templated":true}]}}