{"id":512632,"date":"2025-06-01T20:09:00","date_gmt":"2025-06-01T18:09:00","guid":{"rendered":"https:\/\/2furn.be\/?post_type=product&#038;p=512632"},"modified":"2026-04-23T00:00:25","modified_gmt":"2026-04-22T22:00:25","slug":"noo-xxx","status":"publish","type":"product","link":"https:\/\/2furn.be\/de\/product\/noo-xxx\/","title":{"rendered":"Nr. 115"},"content":{"rendered":"<p>Der Noo 115 ist ein trendiger H\u00e4ngeschrank mit schickem, stilvollem Aussehen. Dieser trendige Schrank hat abgerundete Seiten und Fl\u00fcgelt\u00fcren. Dieser trendige H\u00e4ngeschrank zeichnet sich durch seine eleganten, abgerundeten Linien und Holzlatten aus. Die Platte ist mit einer modernen Hohlkehle versehen und der Unterschrank steht auf einem schlanken Fu\u00df. Dieses M\u00f6belst\u00fcck besteht aus 1 Teil.<\/p>\n<p>Die Serie Noo ist in einem hellen Farbton gehalten. Ideal f\u00fcr trendige Innenr\u00e4ume, die Stil und Funktionalit\u00e4t vereinen. Erleben Sie zeitloses Design und klare Linien mit der trendigen M\u00f6belkollektion Noo.<\/p>","protected":false},"excerpt":{"rendered":"<table>\n<tbody>\n<tr>\n<td width=\"110\"><\/td>\n<td width=\"300\"><\/td>\n<\/tr>\n<tr>\n<td width=\"110\">Material:<\/td>\n<td width=\"300\">Nachhaltiges Hartholz<\/td>\n<\/tr>\n<tr>\n<td width=\"110\">Farbe:<\/td>\n<td width=\"300\">Braun (hell)<\/td>\n<\/tr>\n<tr>\n<td width=\"110\">Verarbeitung:<\/td>\n<td width=\"300\">Leichte Finish<\/td>\n<\/tr>\n<\/tbody>\n<\/table>\n<p>&nbsp;<\/p>","protected":false},"featured_media":512634,"template":"","meta":{"_seopress_robots_primary_cat":"none","_seopress_titles_title":"Noo 115 | trendy wandkast, chique uitstraling","_seopress_titles_desc":"Trendy wandkast met chique, stijlvolle uitstraling. Deze trendy wandkast typeert zich door het elegante, afgerond lijnenspel en houten latjes.","_seopress_robots_index":""},"product_brand":[],"product_cat":[47,39,132],"product_tag":[52,126,44],"class_list":{"0":"post-512632","1":"product","2":"type-product","3":"status-publish","4":"has-post-thumbnail","6":"product_cat-buffetkast","7":"product_cat-kasten","8":"product_cat-wandkast","9":"product_tag-design-meubelen","10":"product_tag-lichte-finish","11":"product_tag-moderne-meubels","13":"first","14":"onbackorder","15":"taxable","16":"shipping-taxable","17":"purchasable","18":"product-type-variable"},"_links":{"self":[{"href":"https:\/\/2furn.be\/de\/wp-json\/wp\/v2\/product\/512632","targetHints":{"allow":["GET"]}}],"collection":[{"href":"https:\/\/2furn.be\/de\/wp-json\/wp\/v2\/product"}],"about":[{"href":"https:\/\/2furn.be\/de\/wp-json\/wp\/v2\/types\/product"}],"version-history":[{"count":0,"href":"https:\/\/2furn.be\/de\/wp-json\/wp\/v2\/product\/512632\/revisions"}],"wp:featuredmedia":[{"embeddable":true,"href":"https:\/\/2furn.be\/de\/wp-json\/wp\/v2\/media\/512634"}],"wp:attachment":[{"href":"https:\/\/2furn.be\/de\/wp-json\/wp\/v2\/media?parent=512632"}],"wp:term":[{"taxonomy":"product_brand","embeddable":true,"href":"https:\/\/2furn.be\/de\/wp-json\/wp\/v2\/product_brand?post=512632"},{"taxonomy":"product_cat","embeddable":true,"href":"https:\/\/2furn.be\/de\/wp-json\/wp\/v2\/product_cat?post=512632"},{"taxonomy":"product_tag","embeddable":true,"href":"https:\/\/2furn.be\/de\/wp-json\/wp\/v2\/product_tag?post=512632"}],"curies":[{"name":"wp","href":"https:\/\/api.w.org\/{rel}","templated":true}]}}