{"id":512510,"date":"2025-05-31T20:13:28","date_gmt":"2025-05-31T18:13:28","guid":{"rendered":"https:\/\/2furn.be\/?post_type=product&#038;p=512510"},"modified":"2026-04-23T00:00:27","modified_gmt":"2026-04-22T22:00:27","slug":"tob-dxxx","status":"publish","type":"product","link":"https:\/\/2furn.be\/de\/product\/tob-dxxx\/","title":{"rendered":"Tob D115-170"},"content":{"rendered":"<p>Das Tob D115-170 ist ein trendiges Sideboard mit einer raffinierten Eichenholzoptik. Dieses moderne Sideboard hat abgerundete Seiten und Dreht\u00fcren. Dieses trendige Sideboard zeichnet sich durch seine eleganten, abgerundeten Linien und seine Eichenholzoptik in einer nat\u00fcrlichen Eichenholzfarbe aus. Der Schrank steht auf einem schlanken Fu\u00df. Dieses M\u00f6belst\u00fcck besteht aus 1 Teil.<span class=\"Apple-converted-space\">\u00a0<\/span><\/p>\n<p>Die Serie Tob ist in einem hellen Finish und mit Eichenfurnierstruktur ausgef\u00fchrt. Ideal f\u00fcr trendige Innenr\u00e4ume, die Stil und Funktionalit\u00e4t vereinen. Erleben Sie zeitloses Design und klare Linien mit der trendigen M\u00f6belkollektion Tob.<\/p>","protected":false},"excerpt":{"rendered":"<table>\n<tbody>\n<tr>\n<td width=\"110\"><\/td>\n<td width=\"300\"><\/td>\n<\/tr>\n<tr>\n<td width=\"110\">Material:<\/td>\n<td width=\"300\">Eiche Furnier<\/td>\n<\/tr>\n<tr>\n<td width=\"110\">Farbe:<\/td>\n<td width=\"300\">Braun (hell)<\/td>\n<\/tr>\n<tr>\n<td width=\"110\">Verarbeitung:<\/td>\n<td width=\"300\">Leichte Finish<\/td>\n<\/tr>\n<\/tbody>\n<\/table>","protected":false},"featured_media":512519,"template":"","meta":{"_seopress_robots_primary_cat":"none","_seopress_titles_title":"Tob D115-170 | trendy dressoir met eikenhouten uitstraling","_seopress_titles_desc":"Trendy dressoir met een verfijnde, eikenhouten uitstraling. Dit modern dressoir is uitgevoerd met afgeronde zijkanten en draaideuren.","_seopress_robots_index":""},"product_brand":[],"product_cat":[64],"product_tag":[52,126,44],"class_list":{"0":"post-512510","1":"product","2":"type-product","3":"status-publish","4":"has-post-thumbnail","6":"product_cat-dressoirs","7":"product_tag-design-meubelen","8":"product_tag-lichte-finish","9":"product_tag-moderne-meubels","11":"first","12":"instock","13":"taxable","14":"shipping-taxable","15":"purchasable","16":"product-type-variable"},"_links":{"self":[{"href":"https:\/\/2furn.be\/de\/wp-json\/wp\/v2\/product\/512510","targetHints":{"allow":["GET"]}}],"collection":[{"href":"https:\/\/2furn.be\/de\/wp-json\/wp\/v2\/product"}],"about":[{"href":"https:\/\/2furn.be\/de\/wp-json\/wp\/v2\/types\/product"}],"version-history":[{"count":0,"href":"https:\/\/2furn.be\/de\/wp-json\/wp\/v2\/product\/512510\/revisions"}],"wp:featuredmedia":[{"embeddable":true,"href":"https:\/\/2furn.be\/de\/wp-json\/wp\/v2\/media\/512519"}],"wp:attachment":[{"href":"https:\/\/2furn.be\/de\/wp-json\/wp\/v2\/media?parent=512510"}],"wp:term":[{"taxonomy":"product_brand","embeddable":true,"href":"https:\/\/2furn.be\/de\/wp-json\/wp\/v2\/product_brand?post=512510"},{"taxonomy":"product_cat","embeddable":true,"href":"https:\/\/2furn.be\/de\/wp-json\/wp\/v2\/product_cat?post=512510"},{"taxonomy":"product_tag","embeddable":true,"href":"https:\/\/2furn.be\/de\/wp-json\/wp\/v2\/product_tag?post=512510"}],"curies":[{"name":"wp","href":"https:\/\/api.w.org\/{rel}","templated":true}]}}