{"id":512479,"date":"2025-05-31T17:31:59","date_gmt":"2025-05-31T15:31:59","guid":{"rendered":"https:\/\/2furn.be\/?post_type=product&#038;p=512479"},"modified":"2026-04-27T00:00:20","modified_gmt":"2026-04-26T22:00:20","slug":"sal-dxxx","status":"publish","type":"product","link":"https:\/\/2furn.be\/de\/product\/sal-dxxx\/","title":{"rendered":"Sal D105-170"},"content":{"rendered":"<p>Das Sal D105-170 ist ein modernes Sideboard mit rundem Design und markanten Beinen. Dieses Holz-Sideboard hat abgerundete Seiten und Fl\u00fcgelt\u00fcren. Dieses moderne Sideboard zeichnet sich durch sein rundes Design und die typischen runden Beine aus. Dieses M\u00f6belst\u00fcck besteht aus 1 Teil.<\/p>\n<p>Die Serie Sal ist in einem hellen Farbton gehalten. Ideal f\u00fcr trendige Innenr\u00e4ume, die Stil und Funktionalit\u00e4t vereinen. Erleben Sie zeitloses Design und klare Linien mit der trendigen M\u00f6belkollektion Sal.<\/p>","protected":false},"excerpt":{"rendered":"<table>\n<tbody>\n<tr>\n<td width=\"110\"><\/td>\n<td width=\"300\"><\/td>\n<\/tr>\n<tr>\n<td width=\"110\">Material:<\/td>\n<td width=\"300\">Nachhaltiges Hartholz<\/td>\n<\/tr>\n<tr>\n<td width=\"110\">Farbe:<\/td>\n<td width=\"300\">Braun (hell)<\/td>\n<\/tr>\n<tr>\n<td width=\"110\">Verarbeitung:<\/td>\n<td width=\"300\">Leichte Finish<\/td>\n<\/tr>\n<\/tbody>\n<\/table>","protected":false},"featured_media":512492,"template":"","meta":{"_seopress_robots_primary_cat":"none","_seopress_titles_title":"Sal D105-170 | modern dressoir met rond design","_seopress_titles_desc":"Modern dressoir met rond design en opvallende poten. Dit houten dressoir is uitgevoerd met afgeronde zijkanten en draaideuren.","_seopress_robots_index":""},"product_brand":[],"product_cat":[64],"product_tag":[52,126,44],"class_list":{"0":"post-512479","1":"product","2":"type-product","3":"status-publish","4":"has-post-thumbnail","6":"product_cat-dressoirs","7":"product_tag-design-meubelen","8":"product_tag-lichte-finish","9":"product_tag-moderne-meubels","11":"first","12":"instock","13":"taxable","14":"shipping-taxable","15":"purchasable","16":"product-type-variable"},"_links":{"self":[{"href":"https:\/\/2furn.be\/de\/wp-json\/wp\/v2\/product\/512479","targetHints":{"allow":["GET"]}}],"collection":[{"href":"https:\/\/2furn.be\/de\/wp-json\/wp\/v2\/product"}],"about":[{"href":"https:\/\/2furn.be\/de\/wp-json\/wp\/v2\/types\/product"}],"version-history":[{"count":0,"href":"https:\/\/2furn.be\/de\/wp-json\/wp\/v2\/product\/512479\/revisions"}],"wp:featuredmedia":[{"embeddable":true,"href":"https:\/\/2furn.be\/de\/wp-json\/wp\/v2\/media\/512492"}],"wp:attachment":[{"href":"https:\/\/2furn.be\/de\/wp-json\/wp\/v2\/media?parent=512479"}],"wp:term":[{"taxonomy":"product_brand","embeddable":true,"href":"https:\/\/2furn.be\/de\/wp-json\/wp\/v2\/product_brand?post=512479"},{"taxonomy":"product_cat","embeddable":true,"href":"https:\/\/2furn.be\/de\/wp-json\/wp\/v2\/product_cat?post=512479"},{"taxonomy":"product_tag","embeddable":true,"href":"https:\/\/2furn.be\/de\/wp-json\/wp\/v2\/product_tag?post=512479"}],"curies":[{"name":"wp","href":"https:\/\/api.w.org\/{rel}","templated":true}]}}