{"id":512453,"date":"2025-05-31T17:15:14","date_gmt":"2025-05-31T15:15:14","guid":{"rendered":"https:\/\/2furn.be\/?post_type=product&#038;p=512453"},"modified":"2026-04-28T00:00:24","modified_gmt":"2026-04-27T22:00:24","slug":"nov-d140","status":"publish","type":"product","link":"https:\/\/2furn.be\/de\/product\/nov-d140\/","title":{"rendered":"Pat D140"},"content":{"rendered":"<p>Der Pat D140 ist ein beiger Beistelltisch mit schickem, stilvollem Aussehen. Dieser trendige Wandtisch ist mit abgerundeten Seiten und einem mittleren Bein ausgestattet. Dieser beigefarbene Beistelltisch zeichnet sich durch seine eleganten, abgerundeten Linien und Holzlatten aus. Der Unterschrank steht auf einem abgerundeten Bein. Dieses M\u00f6belst\u00fcck besteht aus 1 Teil.<\/p>\n<p>Die Serie Pat ist in der Farbe Beige gehalten. Ideal f\u00fcr trendige Innenr\u00e4ume, die Stil und Funktionalit\u00e4t vereinen. Erleben Sie zeitloses Design und klare Linien mit der trendigen M\u00f6belkollektion Pat.<\/p>","protected":false},"excerpt":{"rendered":"<table>\n<tbody>\n<tr>\n<td width=\"110\"><\/td>\n<td width=\"300\"><\/td>\n<\/tr>\n<tr>\n<td width=\"110\">Material:<\/td>\n<td width=\"300\">Langlebiges Hartholz + Metall<\/td>\n<\/tr>\n<tr>\n<td width=\"110\">Farbe:<\/td>\n<td width=\"300\">Beige<\/td>\n<\/tr>\n<tr>\n<td width=\"110\">Verarbeitung:<\/td>\n<td width=\"300\">Beige Ausf\u00fchrung<\/td>\n<\/tr>\n<\/tbody>\n<\/table>","protected":false},"featured_media":512455,"template":"","meta":{"_seopress_robots_primary_cat":"none","_seopress_titles_title":"Pat D140 | beige sidetable met chique uitstraling","_seopress_titles_desc":"Beige sidetable met chique, stijlvolle uitstraling. Deze trendy wandtafel is uitgevoerd met afgeronde zijkanten middenpoot.","_seopress_robots_index":""},"product_brand":[],"product_cat":[64],"product_tag":[52,44,125],"class_list":{"0":"post-512453","1":"product","2":"type-product","3":"status-publish","4":"has-post-thumbnail","6":"product_cat-dressoirs","7":"product_tag-design-meubelen","8":"product_tag-moderne-meubels","9":"product_tag-retro-meubelen","11":"first","12":"instock","13":"taxable","14":"shipping-taxable","15":"purchasable","16":"product-type-variable"},"_links":{"self":[{"href":"https:\/\/2furn.be\/de\/wp-json\/wp\/v2\/product\/512453","targetHints":{"allow":["GET"]}}],"collection":[{"href":"https:\/\/2furn.be\/de\/wp-json\/wp\/v2\/product"}],"about":[{"href":"https:\/\/2furn.be\/de\/wp-json\/wp\/v2\/types\/product"}],"version-history":[{"count":0,"href":"https:\/\/2furn.be\/de\/wp-json\/wp\/v2\/product\/512453\/revisions"}],"wp:featuredmedia":[{"embeddable":true,"href":"https:\/\/2furn.be\/de\/wp-json\/wp\/v2\/media\/512455"}],"wp:attachment":[{"href":"https:\/\/2furn.be\/de\/wp-json\/wp\/v2\/media?parent=512453"}],"wp:term":[{"taxonomy":"product_brand","embeddable":true,"href":"https:\/\/2furn.be\/de\/wp-json\/wp\/v2\/product_brand?post=512453"},{"taxonomy":"product_cat","embeddable":true,"href":"https:\/\/2furn.be\/de\/wp-json\/wp\/v2\/product_cat?post=512453"},{"taxonomy":"product_tag","embeddable":true,"href":"https:\/\/2furn.be\/de\/wp-json\/wp\/v2\/product_tag?post=512453"}],"curies":[{"name":"wp","href":"https:\/\/api.w.org\/{rel}","templated":true}]}}