{"id":12111,"date":"2024-10-18T12:54:25","date_gmt":"2024-10-18T12:54:25","guid":{"rendered":"http:\/\/2furn.local\/?post_type=product&#038;p=12111"},"modified":"2025-06-05T16:45:14","modified_gmt":"2025-06-05T14:45:14","slug":"lentur-6z-velvet","status":"publish","type":"product","link":"https:\/\/2furn.be\/de\/product\/lentur-6z-velvet\/","title":{"rendered":"Lentur 6Z Samt"},"content":{"rendered":"<p>Strapazierf\u00e4higes, modernes und bequemes Ecksofa mit runden Elementen aus Samt und schwarzem Metallgestell. Das Lentur 6Z VEL ist ein komfortables Ecksofa mit modernem Look. Dieses gro\u00dfe Ecksofa mit runden Sitzelementen ist aus Samt gefertigt. Es ist ein sehr fester, weicher Stoff mit einer Martindale-Bewertung von 100.000, was ihn sehr langlebig und strapazierf\u00e4hig macht. Der Stoff f\u00fchlt sich superweich und bequem an, au\u00dferdem ist er wasserabweisend! Die Basis dieses Poufs ist ein schwarzer Metallfu\u00df. Sch\u00f6n zu kombinieren mit dem Lentur Hocker oder den Sofas von TEAK2. So l\u00e4sst sich eine gro\u00dfz\u00fcgige Sofagarnitur mit einem Longchair oder als U-Sofa in Verbindung mit dem Ecksofa zusammenstellen. So bequem war Ihre Sitzecke noch nie \ud83d\ude09 Dieses Modell ist in der linken oder rechten Ecke erh\u00e4ltlich!<\/p>\n<p>Die Serie Lentur ist in verschiedenen Farben und Ausf\u00fchrungen erh\u00e4ltlich. Dieses bequeme Sofa mit runden Elementen ist mit Samt bezogen und von sehr guter Qualit\u00e4t. TEAK2 verwendet nur Materialien von bester Qualit\u00e4t, wobei Solidit\u00e4t und Sitzkomfort im Vordergrund stehen. Aufgrund seiner soliden Konstruktion und hohen Martindale-Zahl wird diese Serie auch h\u00e4ufig in der Gastronomie eingesetzt.<\/p>\n<p>Die Serie Lentur besteht aus einer flachen Wellenfederung, die an einer Holzkonstruktion befestigt ist. Das Ergebnis? Eine gut federnde Sitzfl\u00e4che, die f\u00fcr intensive Nutzung geeignet ist! Dadurch wird ein Durchh\u00e4ngen so weit wie m\u00f6glich verhindert und ein optimaler Sitzkomfort gew\u00e4hrleistet. Auf dieser Federung ist HR-Kaltschaum aufgebracht, der f\u00fcr eine lange Lebensdauer sorgt. Bel\u00fcftung, hohe Federkraft und eine geringere Neigung zur Faltenbildung sind unter anderem die gro\u00dfen Vorteile von Kaltschaum.<\/p>\n<p>Dieses strapazierf\u00e4hige, moderne und bequeme Ecksofa aus Samt hat einen modernen Look, der es zu einer sch\u00f6nen Erg\u00e4nzung f\u00fcr eine industrielle oder moderne Einrichtung macht. Neben einem modernen Interieur sieht es auch in einem klassischen oder Landhausstil toll aus. Dieses bequeme Ecksofa kann unter anderem als gro\u00dfes Ecksofa oder bequemes Loungesofa oder Loungesitz f\u00fcr das Wohnzimmer dienen.<\/p>\n<p>*Ecke: Links oder rechts m\u00f6glich. Die linke Ecke bedeutet, dass sich die Ecke auf der linken Seite befindet, wenn Sie vor dem Sofa stehen. Wenn Sie hinter dem Sofa stehen, befindet sich die Ecke auf der rechten Seite.<\/p>","protected":false},"excerpt":{"rendered":"<table>\n<tbody>\n<tr>\n<td width=\"110\"><\/td>\n<td width=\"300\"><\/td>\n<\/tr>\n<tr>\n<td width=\"110\">Materiaal:<\/td>\n<td width=\"300\">Velvet + Metaal<\/td>\n<\/tr>\n<tr>\n<td width=\"110\">Afwerking:<\/td>\n<td width=\"300\">Velvet<\/td>\n<\/tr>\n<tr>\n<td width=\"110\">Onderstel:<\/td>\n<td width=\"300\">Metalen poot<\/td>\n<\/tr>\n<tr>\n<td width=\"110\">Breedte:<\/td>\n<td width=\"300\">270 cm (Z:205)<\/td>\n<\/tr>\n<tr>\n<td width=\"110\">Hoogte:<\/td>\n<td width=\"300\">78 cm (Z:47 | A:62)<\/td>\n<\/tr>\n<tr>\n<td width=\"110\">Diepte:<\/td>\n<td width=\"300\">95 cm (Z:57)<\/td>\n<\/tr>\n<tr>\n<td width=\"110\">\n<div class=\"list\">Adviesprijs:<\/div>\n<\/td>\n<td width=\"300\">\n<div class=\"listp\">[bank_price id=\"12111\"]<\/div>\n<\/td>\n<\/tr>\n<\/tbody>\n<\/table>\n","protected":false},"featured_media":12210,"template":"","meta":{"_seopress_robots_primary_cat":"none","_seopress_titles_title":"Lentur 6Z VEL | moderne en comfortabele hoekbank in velvet","_seopress_titles_desc":"Duurzame, moderne en comfortabele hoekbank in velvet met ronde elementen en metalen zwart onderstel - meubelwinkel TEAK2.","_seopress_robots_index":""},"product_brand":[],"product_cat":[94],"product_tag":[52,43,44],"class_list":{"0":"post-12111","1":"product","2":"type-product","3":"status-publish","4":"has-post-thumbnail","6":"product_cat-banken","7":"product_tag-design-meubelen","8":"product_tag-landelijke-meubels","9":"product_tag-moderne-meubels","11":"first","12":"instock","13":"taxable","14":"shipping-taxable","15":"purchasable","16":"product-type-variable"},"_links":{"self":[{"href":"https:\/\/2furn.be\/de\/wp-json\/wp\/v2\/product\/12111","targetHints":{"allow":["GET"]}}],"collection":[{"href":"https:\/\/2furn.be\/de\/wp-json\/wp\/v2\/product"}],"about":[{"href":"https:\/\/2furn.be\/de\/wp-json\/wp\/v2\/types\/product"}],"version-history":[{"count":1,"href":"https:\/\/2furn.be\/de\/wp-json\/wp\/v2\/product\/12111\/revisions"}],"predecessor-version":[{"id":513282,"href":"https:\/\/2furn.be\/de\/wp-json\/wp\/v2\/product\/12111\/revisions\/513282"}],"wp:featuredmedia":[{"embeddable":true,"href":"https:\/\/2furn.be\/de\/wp-json\/wp\/v2\/media\/12210"}],"wp:attachment":[{"href":"https:\/\/2furn.be\/de\/wp-json\/wp\/v2\/media?parent=12111"}],"wp:term":[{"taxonomy":"product_brand","embeddable":true,"href":"https:\/\/2furn.be\/de\/wp-json\/wp\/v2\/product_brand?post=12111"},{"taxonomy":"product_cat","embeddable":true,"href":"https:\/\/2furn.be\/de\/wp-json\/wp\/v2\/product_cat?post=12111"},{"taxonomy":"product_tag","embeddable":true,"href":"https:\/\/2furn.be\/de\/wp-json\/wp\/v2\/product_tag?post=12111"}],"curies":[{"name":"wp","href":"https:\/\/api.w.org\/{rel}","templated":true}]}}