{"id":11639,"date":"2024-10-18T12:47:43","date_gmt":"2024-10-18T12:47:43","guid":{"rendered":"http:\/\/2furn.local\/?post_type=product&#038;p=11639"},"modified":"2024-10-24T14:53:31","modified_gmt":"2024-10-24T12:53:31","slug":"sikut-teddy","status":"publish","type":"product","link":"https:\/\/2furn.be\/de\/product\/sikut-teddy\/","title":{"rendered":"Sikut-Teddy"},"content":{"rendered":"<p>Luxuri\u00f6ser kleiner Sessel aus weichem Teddy-Stoff mit Metallgestell. Der Sikut ist ein luxuri\u00f6ser Sessel mit exklusiver Ausstrahlung. Dieser niedrige Design-Sessel ist mit einem weichen Teddy-Stoff aus Polyester in Kombination mit Acryl bezogen. Dieser Sessel zeichnet sich durch die Kombination aus einer bunten Struktur und einem Metallgestell aus. Das Gestell dieses Stuhls besteht aus Metallbeinen. Sch\u00f6n zu kombinieren mit dem umfangreichen Sortiment an Teakholztischen bei TEAK2.<\/p>\n<p>Die Serie Sikut ist in verschiedenen Farben und Ausf\u00fchrungen erh\u00e4ltlich. Dieser luxuri\u00f6se Sessel ist aus recyceltem Polyester in Kombination mit Acryl gefertigt und von sehr guter Qualit\u00e4t. TEAK2 verwendet nur Materialien von bester Qualit\u00e4t, wobei Solidit\u00e4t und Sitzkomfort im Vordergrund stehen. Dieser Loungesessel wird auf nachhaltige Weise hergestellt und das Polyester besteht zu 100 % aus recycelten Plastikflaschen. Aufgrund seiner soliden Konstruktion und hohen Martindale-Zahl wird diese Serie auch h\u00e4ufig in der Gastronomie eingesetzt.<\/p>\n<p>Dieser luxuri\u00f6se kleine Sessel aus weichem Teddy-Stoff hat einen exklusiven Look, der ihn zu einer sch\u00f6nen Erg\u00e4nzung f\u00fcr eine Designer- oder moderne Einrichtung macht. Neben einer modernen Einrichtung passt er auch gut zu einem industriellen oder l\u00e4ndlichen Stil. Der Luxus-Sessel kann als schicker Designer-Sessel oder Luxus-Liegestuhl im Gastgewerbe, als Loungesessel im B\u00fcro oder als Luxus-Sessel im Wohnzimmer oder Wohnbereich dienen.<\/p>","protected":false},"excerpt":{"rendered":"<table>\n<tbody>\n<tr>\n<td width=\"110\"><\/td>\n<td width=\"300\"><\/td>\n<\/tr>\n<tr>\n<td width=\"110\">Material:<\/td>\n<td width=\"300\">Teddy + Metall<\/td>\n<\/tr>\n<tr>\n<td width=\"110\">Verarbeitung:<\/td>\n<td width=\"300\">Recyceltes Polyester + Acryl<\/td>\n<\/tr>\n<tr>\n<td width=\"110\">Chassis:<\/td>\n<td width=\"300\">Metallfu\u00df<\/td>\n<\/tr>\n<tr>\n<td width=\"110\">Breite:<\/td>\n<td width=\"300\">54 cm (Z:52)<\/td>\n<\/tr>\n<tr>\n<td width=\"110\">H\u00f6he:<\/td>\n<td width=\"300\">74 cm (Z:45 | A:)<\/td>\n<\/tr>\n<tr>\n<td width=\"110\">Tiefe:<\/td>\n<td width=\"300\">65 cm (Z:47)<\/td>\n<\/tr>\n<tr>\n<td width=\"110\">\n<div class=\"list\">Richtpreis:<\/div>\n<\/td>\n<td width=\"300\">\n<div class=\"listp\">\u20ac169,00<\/div>\n<\/td>\n<\/tr>\n<\/tbody>\n<\/table>","protected":false},"featured_media":11725,"template":"","meta":{"_seopress_robots_primary_cat":"none","_seopress_titles_title":"Sikut Teddy | luxe kleine fauteuil in zachte teddy stof met metaal","_seopress_titles_desc":"Luxe kleine fauteuil in zachte teddy stof met metaal. Lage design fauteuil, bonte structuur. Lage lounge stoel horeca, kantoor of woonkamer.","_seopress_robots_index":""},"product_brand":[],"product_cat":[59,56],"product_tag":[52,43,44],"class_list":{"0":"post-11639","1":"product","2":"type-product","3":"status-publish","4":"has-post-thumbnail","6":"product_cat-luxe-stoel","7":"product_cat-stoelen","8":"product_tag-design-meubelen","9":"product_tag-landelijke-meubels","10":"product_tag-moderne-meubels","12":"first","13":"instock","14":"taxable","15":"shipping-taxable","16":"purchasable","17":"product-type-variable"},"_links":{"self":[{"href":"https:\/\/2furn.be\/de\/wp-json\/wp\/v2\/product\/11639","targetHints":{"allow":["GET"]}}],"collection":[{"href":"https:\/\/2furn.be\/de\/wp-json\/wp\/v2\/product"}],"about":[{"href":"https:\/\/2furn.be\/de\/wp-json\/wp\/v2\/types\/product"}],"version-history":[{"count":0,"href":"https:\/\/2furn.be\/de\/wp-json\/wp\/v2\/product\/11639\/revisions"}],"wp:featuredmedia":[{"embeddable":true,"href":"https:\/\/2furn.be\/de\/wp-json\/wp\/v2\/media\/11725"}],"wp:attachment":[{"href":"https:\/\/2furn.be\/de\/wp-json\/wp\/v2\/media?parent=11639"}],"wp:term":[{"taxonomy":"product_brand","embeddable":true,"href":"https:\/\/2furn.be\/de\/wp-json\/wp\/v2\/product_brand?post=11639"},{"taxonomy":"product_cat","embeddable":true,"href":"https:\/\/2furn.be\/de\/wp-json\/wp\/v2\/product_cat?post=11639"},{"taxonomy":"product_tag","embeddable":true,"href":"https:\/\/2furn.be\/de\/wp-json\/wp\/v2\/product_tag?post=11639"}],"curies":[{"name":"wp","href":"https:\/\/api.w.org\/{rel}","templated":true}]}}