{"id":11585,"date":"2024-10-18T12:46:44","date_gmt":"2024-10-18T12:46:44","guid":{"rendered":"http:\/\/2furn.local\/?post_type=product&#038;p=11585"},"modified":"2024-10-24T14:38:53","modified_gmt":"2024-10-24T12:38:53","slug":"scandic-arm-pol","status":"publish","type":"product","link":"https:\/\/2furn.be\/de\/product\/scandic-arm-pol\/","title":{"rendered":"Scandic Arm POL"},"content":{"rendered":"<p>Bequemer Stuhl im skandinavischen Stil, robuster Esszimmerstuhl aus recyceltem Polyester. Der Scandic Arm ist ein luxuri\u00f6ser Esszimmerstuhl mit modernem Aussehen. Dieser Armlehnstuhl ist aus recyceltem Polyester gefertigt, einem nachhaltigen Stoff aus 100 % recycelten Plastikflaschen. Es handelt sich um ein sehr robustes Material mit einer Martindale-Reibungszahl von 50.000, wodurch der Stoff lange sch\u00f6n bleibt. Dar\u00fcber hinaus ist dieses Material wasserabweisend und dank seiner robusten Konstruktion eignet sich der Stuhl auch hervorragend f\u00fcr den Gastronomiebereich! Dieser moderne Esszimmerstuhl ist in mehreren Farben und Ausf\u00fchrungen erh\u00e4ltlich. Der Stuhl zeichnet sich durch seine hohe R\u00fcckenlehne und die separaten Armlehnen aus, die f\u00fcr ein luftiges Gesamtbild sorgen. Das Gestell dieses Armlehnstuhls besteht aus einem Metallkreuzfu\u00df. Sch\u00f6n zu kombinieren mit dem umfangreichen Sortiment an Teakholztischen bei TEAK2.<\/p>\n<p>Die Serie Scandic ist in verschiedenen Farben und Ausf\u00fchrungen erh\u00e4ltlich. Dieser luxuri\u00f6se Stuhl ist aus recyceltem Polyester gefertigt und von sehr guter Qualit\u00e4t. TEAK2 verwendet nur Materialien von bester Qualit\u00e4t, wobei Solidit\u00e4t und Sitzkomfort im Vordergrund stehen. Dieser Esszimmerstuhl wird auf nachhaltige Weise hergestellt und besteht zu 100 % aus recycelten Plastikflaschen. Aufgrund seiner soliden Konstruktion und hohen Martindale-Zahl wird diese Serie auch h\u00e4ufig in der Gastronomie eingesetzt.<\/p>\n<p>Dieser bequeme Stuhl im skandinavischen Stil hat ein modernes Aussehen, was ihn zu einer sch\u00f6nen Erg\u00e4nzung f\u00fcr eine industrielle oder moderne Einrichtung macht. Neben einem modernen Interieur sieht er auch in einem zeitgen\u00f6ssischen oder Landhausstil gut aus. Der luxuri\u00f6se Stuhl kann als trendiger Esszimmerstuhl, B\u00fcrostuhl oder robuster Designersessel in der K\u00fcche, im Esszimmer oder im Wohnzimmer dienen.<\/p>","protected":false},"excerpt":{"rendered":"<table>\n<tbody>\n<tr>\n<td width=\"110\"><\/td>\n<td width=\"300\"><\/td>\n<\/tr>\n<tr>\n<td width=\"110\">Material:<\/td>\n<td width=\"300\">Polyester + Metall<\/td>\n<\/tr>\n<tr>\n<td width=\"110\">Verarbeitung:<\/td>\n<td width=\"300\">Recyceltes Polyester<\/td>\n<\/tr>\n<tr>\n<td width=\"110\">Chassis:<\/td>\n<td width=\"300\">Metallfu\u00df<\/td>\n<\/tr>\n<tr>\n<td width=\"110\">Breite:<\/td>\n<td width=\"300\">64 cm (Z:41)<\/td>\n<\/tr>\n<tr>\n<td width=\"110\">H\u00f6he:<\/td>\n<td width=\"300\">91 cm (Z:48 | A:70)<\/td>\n<\/tr>\n<tr>\n<td width=\"110\">Tiefe:<\/td>\n<td width=\"300\">60 cm (Z:44)<\/td>\n<\/tr>\n<tr>\n<td width=\"110\">\n<div class=\"list\">Richtpreis:<\/div>\n<\/td>\n<td width=\"300\">\n<div class=\"listp\">\u20ac179,00<\/div>\n<\/td>\n<\/tr>\n<\/tbody>\n<\/table>","protected":false},"featured_media":11679,"template":"","meta":{"_seopress_robots_primary_cat":"none","_seopress_titles_title":"Scandic Arm POL | comfortabele stoel, Scandinavische uitstraling","_seopress_titles_desc":"Luxe & comfortabele stoel, moderne Scandinavische uitstraling. Stevige eetkamerstoel & duurzame armstoel gerecycled polyester - TEAK2.","_seopress_robots_index":""},"product_brand":[],"product_cat":[86,56],"product_tag":[52,43,44],"class_list":{"0":"post-11585","1":"product","2":"type-product","3":"status-publish","4":"has-post-thumbnail","6":"product_cat-eetkamerstoelen","7":"product_cat-stoelen","8":"product_tag-design-meubelen","9":"product_tag-landelijke-meubels","10":"product_tag-moderne-meubels","12":"first","13":"instock","14":"taxable","15":"shipping-taxable","16":"purchasable","17":"product-type-variable"},"_links":{"self":[{"href":"https:\/\/2furn.be\/de\/wp-json\/wp\/v2\/product\/11585","targetHints":{"allow":["GET"]}}],"collection":[{"href":"https:\/\/2furn.be\/de\/wp-json\/wp\/v2\/product"}],"about":[{"href":"https:\/\/2furn.be\/de\/wp-json\/wp\/v2\/types\/product"}],"version-history":[{"count":0,"href":"https:\/\/2furn.be\/de\/wp-json\/wp\/v2\/product\/11585\/revisions"}],"wp:featuredmedia":[{"embeddable":true,"href":"https:\/\/2furn.be\/de\/wp-json\/wp\/v2\/media\/11679"}],"wp:attachment":[{"href":"https:\/\/2furn.be\/de\/wp-json\/wp\/v2\/media?parent=11585"}],"wp:term":[{"taxonomy":"product_brand","embeddable":true,"href":"https:\/\/2furn.be\/de\/wp-json\/wp\/v2\/product_brand?post=11585"},{"taxonomy":"product_cat","embeddable":true,"href":"https:\/\/2furn.be\/de\/wp-json\/wp\/v2\/product_cat?post=11585"},{"taxonomy":"product_tag","embeddable":true,"href":"https:\/\/2furn.be\/de\/wp-json\/wp\/v2\/product_tag?post=11585"}],"curies":[{"name":"wp","href":"https:\/\/api.w.org\/{rel}","templated":true}]}}