{"id":11315,"date":"2024-10-18T12:41:45","date_gmt":"2024-10-18T12:41:45","guid":{"rendered":"http:\/\/2furn.local\/?post_type=product&#038;p=11315"},"modified":"2024-10-24T12:01:53","modified_gmt":"2024-10-24T10:01:53","slug":"luwes-3z-eco-leder","status":"publish","type":"product","link":"https:\/\/2furn.be\/de\/product\/luwes-3z-eco-leder\/","title":{"rendered":"Luwes 3Z ECO Leder"},"content":{"rendered":"<p>Langlebiges, komfortables und modernes Sofa aus ECO-Leder mit schwarzem Metallgestell. Das Luwes 3Z ist ein luxuri\u00f6ses Ledersofa 3-Sitzer mit einem modernen Look. Dieses Ledersofa ist aus ECO-Leder gefertigt, einem sch\u00f6nen Material, das aus 70% echtem Leder und 30% Polyester besteht. Eine perfekte Kombination f\u00fcr ein starkes und benutzerfreundliches Material! Es ist ein sehr robustes Material mit einer Martindale-Bewertung von 30.000, was das Leder langlebig und strapazierf\u00e4hig macht. ECO-Leder f\u00fchlt sich weicher an als 100%-Leder und ist au\u00dferdem benutzerfreundlicher und haltbarer. Au\u00dferdem ist es schmutz- und wasserabweisend! Die Basis dieses Sofas ist ein schwarzes Metallbein. Es l\u00e4sst sich gut mit dem Luwes-Hocker oder den Sofas von TEAK2 kombinieren. So l\u00e4sst sich eine gro\u00dfz\u00fcgige Sofagarnitur mit einem Longchair oder als Ecksofa in Verbindung mit dem 3-Sitzer zusammenstellen. So bequem war Ihre Sitzecke noch nie \ud83d\ude09 .<\/p>\n<p>Die Serie Luwes ist in verschiedenen Farben und Ausf\u00fchrungen erh\u00e4ltlich. Dieses Design-Sofa ist aus recyceltem Polyester gefertigt und von sehr guter Qualit\u00e4t. TEAK2 verwendet ausschlie\u00dflich Materialien von bester Qualit\u00e4t, wobei Solidit\u00e4t und Sitzkomfort im Vordergrund stehen. Dieser Hocker wird nachhaltig hergestellt und besteht zu 70 % aus echtem Leder und zu 30 % aus Polyester. Aufgrund seiner soliden Konstruktion und hohen Martindale-Zahl wird diese Serie auch h\u00e4ufig in der Gastronomie eingesetzt.<\/p>\n<p>Die Serie Luwes besteht aus einer flachen Wellenfederung, die an einer Holzkonstruktion befestigt ist. Das Ergebnis? Eine gut federnde Sitzfl\u00e4che, die f\u00fcr intensive Nutzung geeignet ist! Dadurch wird ein Durchh\u00e4ngen so weit wie m\u00f6glich verhindert und ein optimaler Sitzkomfort gew\u00e4hrleistet. Auf dieser Federung ist HR-Kaltschaum aufgebracht, der f\u00fcr eine lange Lebensdauer sorgt. Bel\u00fcftung, hohe Federkraft und eine geringere Neigung zur Faltenbildung sind unter anderem die gro\u00dfen Vorteile von Kaltschaum.<\/p>\n<p>Diese nachhaltige, bequeme und moderne Couch aus \u00d6ko-Leder<span class=\"Apple-converted-space\">\u00a0 <\/span>hat eine exklusive Ausstrahlung und passt daher gut in eine industrielle oder moderne Einrichtung. Neben einem modernen Interieur passt es auch gut zu einem zeitgen\u00f6ssischen oder l\u00e4ndlichen Stil. Dieses Ledersofa kann unter anderem als modernes Sofa oder luxuri\u00f6ses Loungesofa oder Loungesessel f\u00fcr das Wohnzimmer dienen.<\/p>","protected":false},"excerpt":{"rendered":"<table>\n<tbody>\n<tr>\n<td width=\"110\"><\/td>\n<td width=\"300\"><\/td>\n<\/tr>\n<tr>\n<td width=\"110\">Materiaal:<\/td>\n<td width=\"300\">ECO-leder + Metaal<\/td>\n<\/tr>\n<tr>\n<td width=\"110\">Afwerking:<\/td>\n<td width=\"300\">Echt leder (70%) + Polyester (30%)<\/td>\n<\/tr>\n<tr>\n<td width=\"110\">Onderstel:<\/td>\n<td width=\"300\">Metalen poot<\/td>\n<\/tr>\n<tr>\n<td width=\"110\">Breedte:<\/td>\n<td width=\"300\">215 cm (Z:177)<\/td>\n<\/tr>\n<tr>\n<td width=\"110\">Hoogte:<\/td>\n<td width=\"300\">80 cm (Z:45 | A:61)<\/td>\n<\/tr>\n<tr>\n<td width=\"110\">Diepte:<\/td>\n<td width=\"300\">88 cm (Z:56)<\/td>\n<\/tr>\n<tr>\n<td width=\"110\">\n<div class=\"list\">Adviesprijs:<\/div>\n<\/td>\n<td width=\"300\">\n<div class=\"listp\">[bank_price id=\"11315\"]<\/div>\n<\/td>\n<\/tr>\n<\/tbody>\n<\/table>\n","protected":false},"featured_media":11448,"template":"","meta":{"_seopress_robots_primary_cat":"none","_seopress_titles_title":"Luwes 3Z ECO-leder | moderne bank in ECO-leder met metaal","_seopress_titles_desc":"Duurzame, comfortabele en moderne bank in ECO-leder met metalen zwart onderstel. Luxe leren bank 3-zits, lederen sofa - TEAK2.","_seopress_robots_index":""},"product_brand":[],"product_cat":[94],"product_tag":[52,44],"class_list":{"0":"post-11315","1":"product","2":"type-product","3":"status-publish","4":"has-post-thumbnail","6":"product_cat-banken","7":"product_tag-design-meubelen","8":"product_tag-moderne-meubels","10":"first","11":"instock","12":"taxable","13":"shipping-taxable","14":"purchasable","15":"product-type-variable"},"_links":{"self":[{"href":"https:\/\/2furn.be\/de\/wp-json\/wp\/v2\/product\/11315","targetHints":{"allow":["GET"]}}],"collection":[{"href":"https:\/\/2furn.be\/de\/wp-json\/wp\/v2\/product"}],"about":[{"href":"https:\/\/2furn.be\/de\/wp-json\/wp\/v2\/types\/product"}],"version-history":[{"count":0,"href":"https:\/\/2furn.be\/de\/wp-json\/wp\/v2\/product\/11315\/revisions"}],"wp:featuredmedia":[{"embeddable":true,"href":"https:\/\/2furn.be\/de\/wp-json\/wp\/v2\/media\/11448"}],"wp:attachment":[{"href":"https:\/\/2furn.be\/de\/wp-json\/wp\/v2\/media?parent=11315"}],"wp:term":[{"taxonomy":"product_brand","embeddable":true,"href":"https:\/\/2furn.be\/de\/wp-json\/wp\/v2\/product_brand?post=11315"},{"taxonomy":"product_cat","embeddable":true,"href":"https:\/\/2furn.be\/de\/wp-json\/wp\/v2\/product_cat?post=11315"},{"taxonomy":"product_tag","embeddable":true,"href":"https:\/\/2furn.be\/de\/wp-json\/wp\/v2\/product_tag?post=11315"}],"curies":[{"name":"wp","href":"https:\/\/api.w.org\/{rel}","templated":true}]}}