{"id":11273,"date":"2024-10-18T12:41:01","date_gmt":"2024-10-18T12:41:01","guid":{"rendered":"http:\/\/2furn.local\/?post_type=product&#038;p=11273"},"modified":"2025-06-04T17:11:22","modified_gmt":"2025-06-04T15:11:22","slug":"luwes-1z-eco-leder","status":"publish","type":"product","link":"https:\/\/2furn.be\/de\/product\/luwes-1z-eco-leder\/","title":{"rendered":"Luwes 1Z ECO Leder"},"content":{"rendered":"<p>Strapazierf\u00e4higer, komfortabler und moderner Fu\u00dfhocker aus ECO-Leder mit schwarzem Metallfu\u00df. Der Luwes 1Z ist ein luxuri\u00f6ser Lederhocker mit einem modernen Look. Dieser Lederhocker ist aus ECO-Leder gefertigt, einem sch\u00f6nen Material, das aus 70% echtem Leder und 30% Polyester besteht. Eine perfekte Kombination f\u00fcr ein starkes und benutzerfreundliches Material! Es ist ein sehr robustes Material mit einer Martindale-Bewertung von 30.000, was das Leder langlebig und strapazierf\u00e4hig macht. ECO-Leder f\u00fchlt sich weicher an als 100%-Leder und ist au\u00dferdem benutzerfreundlicher und haltbarer. Au\u00dferdem ist es schmutz- und wasserabweisend! Die Basis dieses Poufs ist ein schwarzer Metallfu\u00df. Sch\u00f6n zu kombinieren mit den Luwes 3-Sitzer-Sofas oder Ecksofas bei TEAK2. So entsteht ein gro\u00dfz\u00fcgiges Sofa mit einem Longchair oder ein U-f\u00f6rmiges Sofa, wenn man es mit dem Ecksofa verbindet. So bequem war Ihre Sitzecke noch nie \ud83d\ude09 .<\/p>\n<p>Die Serie Luwes ist in verschiedenen Farben und Ausf\u00fchrungen erh\u00e4ltlich. Dieser Design-Hocker ist aus recyceltem Polyester gefertigt und von sehr guter Qualit\u00e4t. TEAK2 verwendet nur Materialien von bester Qualit\u00e4t, wobei Solidit\u00e4t und Sitzkomfort im Vordergrund stehen. Dieser Hocker wird auf nachhaltige Weise hergestellt und besteht zu 70 % aus echtem Leder und zu 30 % aus Polyester. Aufgrund seiner soliden Konstruktion und seiner hohen Martindale-Zahl wird diese Serie auch h\u00e4ufig in der Gastronomie eingesetzt.<\/p>\n<p>Die Serie Luwes besteht aus einer flachen Wellenfederung, die an einer Holzkonstruktion befestigt ist. Das Ergebnis? Eine gut federnde Sitzfl\u00e4che, die f\u00fcr intensive Nutzung geeignet ist! Dadurch wird ein Durchh\u00e4ngen so weit wie m\u00f6glich verhindert und ein optimaler Sitzkomfort gew\u00e4hrleistet. Auf dieser Federung ist HR-Kaltschaum aufgebracht, der f\u00fcr eine lange Lebensdauer sorgt. Bel\u00fcftung, hohe Federkraft und eine geringere Neigung zur Faltenbildung sind unter anderem die gro\u00dfen Vorteile von Kaltschaum.<\/p>\n<p>Dieser nachhaltige, bequeme und moderne Hocker aus ECO-Leder<span class=\"Apple-converted-space\">\u00a0<\/span>hat eine exklusive Ausstrahlung und passt daher gut zu einer industriellen oder modernen Einrichtung. Neben einem modernen Interieur passt er auch gut zu einem zeitgen\u00f6ssischen oder l\u00e4ndlichen Stil. Dieser luxuri\u00f6se Lederhocker kann unter anderem als exklusiver Lederhocker zur Erg\u00e4nzung der Luwes-Sofagarnituren oder als luxuri\u00f6ser Beistelltisch oder Couchtisch im Wohnzimmer dienen.<\/p>","protected":false},"excerpt":{"rendered":"<table>\n<tbody>\n<tr>\n<td width=\"110\"><\/td>\n<td width=\"300\"><\/td>\n<\/tr>\n<tr>\n<td width=\"110\">Materiaal:<\/td>\n<td width=\"300\">ECO-leder + Metaal<\/td>\n<\/tr>\n<tr>\n<td width=\"110\">Afwerking:<\/td>\n<td width=\"300\">Echt leder (70%) + Polyester (30%)<\/td>\n<\/tr>\n<tr>\n<td width=\"110\">Onderstel:<\/td>\n<td width=\"300\">Metalen poot<\/td>\n<\/tr>\n<tr>\n<td width=\"110\">Breedte:<\/td>\n<td width=\"300\">90 cm (Z:77)<\/td>\n<\/tr>\n<tr>\n<td width=\"110\">Hoogte:<\/td>\n<td width=\"300\">45 cm (Z:45 | A:)<\/td>\n<\/tr>\n<tr>\n<td width=\"110\">Diepte:<\/td>\n<td width=\"300\">60 cm (Z:60)<\/td>\n<\/tr>\n<tr>\n<td width=\"110\">\n<div class=\"list\">Adviesprijs:<\/div>\n<\/td>\n<td width=\"300\">\n<div class=\"listp\">[bank_price id=\"11272\"]<\/div>\n<\/td>\n<\/tr>\n<\/tbody>\n<\/table>\n","protected":false},"featured_media":11425,"template":"","meta":{"_seopress_robots_primary_cat":"none","_seopress_titles_title":"Luwes 1Z ECO-leder | moderne poef in ECO-leder met metaal","_seopress_titles_desc":"Duurzame, comfortabele en moderne poef in ECO-leder met metalen zwart onderstel. Luxe lederen hocker, exclusieve leren poef - TEAK2.","_seopress_robots_index":""},"product_brand":[],"product_cat":[94],"product_tag":[52,44],"class_list":{"0":"post-11273","1":"product","2":"type-product","3":"status-publish","4":"has-post-thumbnail","6":"product_cat-banken","7":"product_tag-design-meubelen","8":"product_tag-moderne-meubels","10":"first","11":"instock","12":"taxable","13":"shipping-taxable","14":"purchasable","15":"product-type-variable"},"_links":{"self":[{"href":"https:\/\/2furn.be\/de\/wp-json\/wp\/v2\/product\/11273","targetHints":{"allow":["GET"]}}],"collection":[{"href":"https:\/\/2furn.be\/de\/wp-json\/wp\/v2\/product"}],"about":[{"href":"https:\/\/2furn.be\/de\/wp-json\/wp\/v2\/types\/product"}],"version-history":[{"count":0,"href":"https:\/\/2furn.be\/de\/wp-json\/wp\/v2\/product\/11273\/revisions"}],"wp:featuredmedia":[{"embeddable":true,"href":"https:\/\/2furn.be\/de\/wp-json\/wp\/v2\/media\/11425"}],"wp:attachment":[{"href":"https:\/\/2furn.be\/de\/wp-json\/wp\/v2\/media?parent=11273"}],"wp:term":[{"taxonomy":"product_brand","embeddable":true,"href":"https:\/\/2furn.be\/de\/wp-json\/wp\/v2\/product_brand?post=11273"},{"taxonomy":"product_cat","embeddable":true,"href":"https:\/\/2furn.be\/de\/wp-json\/wp\/v2\/product_cat?post=11273"},{"taxonomy":"product_tag","embeddable":true,"href":"https:\/\/2furn.be\/de\/wp-json\/wp\/v2\/product_tag?post=11273"}],"curies":[{"name":"wp","href":"https:\/\/api.w.org\/{rel}","templated":true}]}}