{"id":11078,"date":"2024-10-18T12:37:57","date_gmt":"2024-10-18T12:37:57","guid":{"rendered":"http:\/\/2furn.local\/?post_type=product&#038;p=11078"},"modified":"2024-10-23T13:43:27","modified_gmt":"2024-10-23T11:43:27","slug":"geschenkgutschein","status":"publish","type":"product","link":"https:\/\/2furn.be\/de\/product\/cadeaubon\/","title":{"rendered":"Geschenkgutschein"},"content":{"rendered":"<p>Sind Sie auf der Suche nach einem sch\u00f6nen Geschenk? Der Geschenkgutschein von M\u00f6belhaus TEAK2 eignet sich hervorragend als Geburtstagsgeschenk, Weihnachtsgeschenk oder einfach als kleine Aufmerksamkeit! Mit der Geschenkkarte oder dem Gutschein k\u00f6nnen M\u00f6bel oder Accessoires bei TEAK2 gekauft werden. So gibt es eine gro\u00dfe Auswahl an wei\u00dfen oder teakholzfarbenen Schr\u00e4nken, beispielsweise moderne oder rustikale Buffetschr\u00e4nke und Vitrinen. Schr\u00e4nke in h\u00f6chster Qualit\u00e4t und zu g\u00fcnstigen Preisen! Neben dem umfangreichen Sortiment bietet TEAK2 auch eine gro\u00dfe Auswahl an Esstischen, Couchtischen, St\u00fchlen, Gartenm\u00f6beln und anderen M\u00f6beln aus Teakholz. Der Gutschein ist f\u00fcr alle M\u00f6bel g\u00fcltig, Sie haben also mehr als genug Auswahl! Praktisch, wenn Sie nicht wissen, was Sie kaufen m\u00f6chten, und dank der verschiedenen M\u00f6belstile ist f\u00fcr jeden etwas dabei.<\/p>\n<p>Hoe de cadeaubon gebruiken of bestellen? Simpel! Bestel de voucher \/ cadeaubon online en betaal via de betaallink. Na aankoop krijgt u een bevestigingsmail, de bon is 1x geldig en wordt gekoppeld aan het bestelnummer.\u00a0De cadeaubon of gift card is 1 jaar geldig na aankoop.<\/p>","protected":false},"excerpt":{"rendered":"<p>Bent u op zoek naar een leuk cadeau? De cadeaubon bij meubelwinkel TEAK2 is leuk als verjaardagscadeau, kerstgeschenk of gewoon als leuke gift! Met de gift card of bon kunnen meubelen of accessoires bij TEAK2 aangekocht worden. Zo is er een ruime keuze aan witte of teakhouten kasten, bijvoorbeeld moderne of landelijke buffetkasten en vitrinekasten. [&hellip;]<\/p>\n","protected":false},"featured_media":11120,"template":"","meta":{"_seopress_robots_primary_cat":"none","_seopress_titles_title":"Cadeaubon | voucher bij meubelwinkel TEAK2","_seopress_titles_desc":"Voucher bij meubelwinkel TEAK2. Leuk als verjaardagscadeau, kerstgeschenk of gewoon als leuke gift! Geldig op alle meubelen - TEAK2.","_seopress_robots_index":""},"product_brand":[],"product_cat":[98,91],"product_tag":[],"class_list":{"0":"post-11078","1":"product","2":"type-product","3":"status-publish","4":"has-post-thumbnail","6":"product_cat-accessoires","7":"product_cat-overige","9":"first","10":"instock","11":"taxable","12":"shipping-taxable","13":"purchasable","14":"product-type-variable"},"_links":{"self":[{"href":"https:\/\/2furn.be\/de\/wp-json\/wp\/v2\/product\/11078","targetHints":{"allow":["GET"]}}],"collection":[{"href":"https:\/\/2furn.be\/de\/wp-json\/wp\/v2\/product"}],"about":[{"href":"https:\/\/2furn.be\/de\/wp-json\/wp\/v2\/types\/product"}],"version-history":[{"count":0,"href":"https:\/\/2furn.be\/de\/wp-json\/wp\/v2\/product\/11078\/revisions"}],"wp:featuredmedia":[{"embeddable":true,"href":"https:\/\/2furn.be\/de\/wp-json\/wp\/v2\/media\/11120"}],"wp:attachment":[{"href":"https:\/\/2furn.be\/de\/wp-json\/wp\/v2\/media?parent=11078"}],"wp:term":[{"taxonomy":"product_brand","embeddable":true,"href":"https:\/\/2furn.be\/de\/wp-json\/wp\/v2\/product_brand?post=11078"},{"taxonomy":"product_cat","embeddable":true,"href":"https:\/\/2furn.be\/de\/wp-json\/wp\/v2\/product_cat?post=11078"},{"taxonomy":"product_tag","embeddable":true,"href":"https:\/\/2furn.be\/de\/wp-json\/wp\/v2\/product_tag?post=11078"}],"curies":[{"name":"wp","href":"https:\/\/api.w.org\/{rel}","templated":true}]}}